{"id":1760,"date":"2025-11-23T15:24:07","date_gmt":"2025-11-23T13:24:07","guid":{"rendered":"https:\/\/mise.hu\/?page_id=1760"},"modified":"2025-11-27T15:21:37","modified_gmt":"2025-11-27T13:21:37","slug":"elo-kozvetites","status":"publish","type":"page","link":"https:\/\/mise.hu\/","title":{"rendered":"\u00c9l\u0151 k\u00f6zvet\u00edt\u00e9s"},"content":{"rendered":"<div class=\"wpb-content-wrapper\"><p>[vc_row content_type=&#8221;full_width_bg_content&#8221; pattern=&#8221;&#8221; padding_top=&#8221;80&#8243; padding_bottom=&#8221;80&#8243;][vc_column width=&#8221;1\/4&#8243;][vc_column_text css=&#8221;&#8221;]<strong>K\u00f6zvet\u00edt\u00e9sek id\u0151pontja:<\/strong><\/p>\n<div>kedd, cs\u00fct\u00f6rt\u00f6k 8 \u00f3ra<\/div>\n<div>szombat 18 \u00f3ra<\/div>\n<div dir=\"auto\">\n<div>vas\u00e1rnap 11 \u00f3ra<\/div>\n<\/div>\n<p>[\/vc_column_text][\/vc_column][vc_column width=&#8221;3\/4&#8243;][vc_raw_html css=&#8221;&#8221; el_id=&#8221;Mise player&#8221;]JTNDZGl2JTIwY2xhc3MlM0QlMjJtaXNlLXBsYXllci13cmFwcGVyJTIyJTNFJTBBJTIwJTIwJTNDZGl2JTIwY2xhc3MlM0QlMjJtaXNlLXBsYXllci1pbm5lciUyMiUzRSUwQSUyMCUyMCUyMCUyMCUzQ3ZpZGVvJTIwaWQlM0QlMjJtaXNlLXBsYXllciUyMiUwQSUyMCUyMCUyMCUyMCUyMCUyMCUyMCUyMCUyMCUyMCUyMGNsYXNzJTNEJTIybWlzZS1wbGF5ZXItdmlkZW8lMjIlMEElMjAlMjAlMjAlMjAlMjAlMjAlMjAlMjAlMjAlMjAlMjBjb250cm9scyUwQSUyMCUyMCUyMCUyMCUyMCUyMCUyMCUyMCUyMCUyMCUyMGF1dG9wbGF5JTBBJTIwJTIwJTIwJTIwJTIwJTIwJTIwJTIwJTIwJTIwJTIwcGxheXNpbmxpbmUlMEElMjAlMjAlMjAlMjAlMjAlMjAlMjAlMjAlMjAlMjAlMjBwcmVsb2FkJTNEJTIybWV0YWRhdGElMjIlM0UlM0MlMkZ2aWRlbyUzRSUwQSUyMCUyMCUyMCUyMCUzQ2RpdiUyMGlkJTNEJTIybWlzZS1zdGF0dXMlMjIlMjBjbGFzcyUzRCUyMm1pc2UtcGxheWVyLXN0YXR1cyUyMiUzRSUzQyUyRmRpdiUzRSUwQSUyMCUyMCUzQyUyRmRpdiUzRSUwQSUzQyUyRmRpdiUzRSUwQSUwQSUzQ3N0eWxlJTNFJTBBLm1pc2UtcGxheWVyLXdyYXBwZXIlMjAlN0IlMEElMjAlMjBkaXNwbGF5JTNBJTIwZmxleCUzQiUwQSUyMCUyMGp1c3RpZnktY29udGVudCUzQSUyMGNlbnRlciUzQiUwQSUyMCUyMG1hcmdpbiUzQSUyMDQwcHglMjAwJTIwMjBweCUzQiUwQSU3RCUwQS5taXNlLXBsYXllci1pbm5lciUyMCU3QiUwQSUyMCUyMHdpZHRoJTNBJTIwMTAwJTI1JTNCJTBBJTIwJTIwbWF4LXdpZHRoJTNBJTIwOTYwcHglM0IlMEElMjAlMjAlMkYlMkElMjBjc2FrJTIwYSUyMGslQzMlQTlrJTIwa2VyZXQlMjBtYXJhZGpvbiUyMCUyQSUyRiUwQSUyMCUyMGJhY2tncm91bmQlM0ElMjAlMjMyZjZmZGQlM0IlMjAlMjAlMjAlMjAlMjAlMjAlMjAlMjAlMjAlMjAlMkYlMkElMjAlM0MtJTIwZXolMjB2b2x0JTIwYSUyMHMlQzMlQjZ0JUMzJUE5dCUyMHMlQzMlQTF2JTIwJTJBJTJGJTBBJTIwJTIwYm9yZGVyLXJhZGl1cyUzQSUyMDE0cHglM0IlMEElMjAlMjBwYWRkaW5nJTNBJTIwNHB4JTNCJTIwJTIwJTIwJTIwJTIwJTIwJTIwJTIwJTIwJTIwJTIwJTIwJTIwJTIwJTIwJTIwJTIwJTIwJTIwJTIwJTIwJTJGJTJBJTIwdiVDMyVBOWtvbnklMjAlRTIlODAlOUVrJUMzJUE5ayVFMiU4MCU5RCUyMGtlcmV0JTIwJTJBJTJGJTBBJTIwJTIwYm9yZGVyJTNBJTIwM3B4JTIwc29saWQlMjAlMjMyZjZmZGQlM0IlMEElMjAlMjBib3gtc2hhZG93JTNBJTIwMCUyMDEycHglMjAzNnB4JTIwcmdiYSUyODAlMkMlMjAwJTJDJTIwMCUyQyUyMDAuNSUyOSUzQiUwQSU3RCUwQS5taXNlLXBsYXllci12aWRlbyUyMCU3QiUwQSUyMCUyMHdpZHRoJTNBJTIwMTAwJTI1JTNCJTBBJTIwJTIwYXNwZWN0LXJhdGlvJTNBJTIwMTYlMjAlMkYlMjA5JTNCJTBBJTIwJTIwYmFja2dyb3VuZCUzQSUyMCUyMzAwMCUzQiUwQSUyMCUyMGJvcmRlci1yYWRpdXMlM0ElMjAxMHB4JTNCJTBBJTIwJTIwZGlzcGxheSUzQSUyMGJsb2NrJTNCJTBBJTIwJTIwb2JqZWN0LWZpdCUzQSUyMGNvdmVyJTNCJTBBJTdEJTBBLm1pc2UtcGxheWVyLXN0YXR1cyUyMCU3QiUwQSUyMCUyMG1hcmdpbi10b3AlM0ElMjA4cHglM0IlMEElMjAlMjB0ZXh0LWFsaWduJTNBJTIwY2VudGVyJTNCJTBBJTIwJTIwZm9udC1zaXplJTNBJTIwMTRweCUzQiUwQSUyMCUyMGNvbG9yJTNBJTIwJTIzZGRkJTNCJTBBJTIwJTIwZm9udC1zdHlsZSUzQSUyMGl0YWxpYyUzQiUwQSUyMCUyMG1pbi1oZWlnaHQlM0ElMjAxLjJlbSUzQiUwQSU3RCUwQSUyRiUyQSUyMElkJUM1JTkxJTIwa2lqZWx6JUMzJUE5cyUyMGVscmVqdCVDMyVBOXNlJTIwJTI4Q2hyb21lJTIwJTJGJTIwRWRnZSUyMCUyRiUyMFNhZmFyaSUyOSUyMCUyQSUyRiUwQS5taXNlLXBsYXllci12aWRlbyUzQSUzQS13ZWJraXQtbWVkaWEtY29udHJvbHMtY3VycmVudC10aW1lLWRpc3BsYXklMkMlMEEubWlzZS1wbGF5ZXItdmlkZW8lM0ElM0Etd2Via2l0LW1lZGlhLWNvbnRyb2xzLXRpbWUtcmVtYWluaW5nLWRpc3BsYXklMjAlN0IlMEElMjAlMjBkaXNwbGF5JTNBJTIwbm9uZSUyMCUyMWltcG9ydGFudCUzQiUwQSU3RCUwQSUzQyUyRnN0eWxlJTNFJTBBJTBBJTNDc2NyaXB0JTIwc3JjJTNEJTIyaHR0cHMlM0ElMkYlMkZjZG4uanNkZWxpdnIubmV0JTJGbnBtJTJGaGxzLmpzJTQwbGF0ZXN0JTIyJTNFJTNDJTJGc2NyaXB0JTNFJTBBJTNDc2NyaXB0JTNFJTBBJTI4ZnVuY3Rpb24lMjglMjklMjAlN0IlMEElMjAlMjBjb25zdCUyMHByaW1hcnlVcmwlMjAlM0QlMjAlMjJodHRwcyUzQSUyRiUyRmNzdHJlYW0uZXUlM0E4NDQzJTJGbGl2ZSUyRm1pc2UlMkZwbGF5bGlzdC5tM3U4JTIyJTNCJTBBJTIwJTIwY29uc3QlMjBiYWNrdXBVcmwlMjAlMjAlM0QlMjAlMjJodHRwcyUzQSUyRiUyRmNzdHJlYW0uZXUlM0E4NDQzJTJGbGl2ZSUyRm1pc2VfYmFja3VwJTJGcGxheWxpc3QubTN1OCUyMiUzQiUwQSUwQSUyMCUyMGNvbnN0JTIwcmV0cnlEZWxheU1zJTIwJTIwJTIwJTIwJTIwJTIwJTIwJTNEJTIwMTAwMDAlM0IlMjAlMjAlMjAlMjAlMjAlMjAlMjAlMjAlMjAlMjAlMjAlMjAlMkYlMkYlMjAxMCUyMG1wLWVuayVDMyVBOW50JTIwJUMzJUJBanJhcHIlQzMlQjNiYSUwQSUyMCUyMGNvbnN0JTIwbWF4UmV0cnlEdXJhdGlvbk1zJTIwJTNEJTIwMjAlMjAlMkElMjA2MCUyMCUyQSUyMDEwMDAlM0IlMjAlMjAlMkYlMkYlMjAyMCUyMHBlcmMlMjBhYmxhayUwQSUwQSUyMCUyMGNvbnN0JTIwdmlkZW8lMjAlMjAlM0QlMjBkb2N1bWVudC5nZXRFbGVtZW50QnlJZCUyOCUyMm1pc2UtcGxheWVyJTIyJTI5JTNCJTBBJTIwJTIwY29uc3QlMjBzdGF0dXMlMjAlM0QlMjBkb2N1bWVudC5nZXRFbGVtZW50QnlJZCUyOCUyMm1pc2Utc3RhdHVzJTIyJTI5JTNCJTBBJTIwJTIwbGV0JTIwJTIwJTIwaGxzJTIwJTIwJTIwJTIwJTNEJTIwbnVsbCUzQiUwQSUwQSUyMCUyMGNvbnN0JTIwc3RhcnRUaW1lJTIwJTNEJTIwRGF0ZS5ub3clMjglMjklM0IlMEElMEElMjAlMjBmdW5jdGlvbiUyMGxvZyUyOG1zZyUyOSUyMCU3QiUwQSUyMCUyMCUyMCUyMGNvbnNvbGUubG9nJTI4JTIyJTVCTWlzZVBsYXllciU1RCUyMiUyQyUyMG1zZyUyOSUzQiUwQSUyMCUyMCUyMCUyMGlmJTIwJTI4c3RhdHVzJTI5JTIwc3RhdHVzLnRleHRDb250ZW50JTIwJTNEJTIwbXNnJTIwJTdDJTdDJTIwJTIyJTIyJTNCJTBBJTIwJTIwJTdEJTBBJTBBJTIwJTIwZnVuY3Rpb24lMjB0aW1lRXhjZWVkZWQlMjglMjklMjAlN0IlMEElMjAlMjAlMjAlMjByZXR1cm4lMjAlMjhEYXRlLm5vdyUyOCUyOSUyMC0lMjBzdGFydFRpbWUlMjklMjAlM0UlMjBtYXhSZXRyeUR1cmF0aW9uTXMlM0IlMEElMjAlMjAlN0QlMEElMEElMjAlMjAlMkYlMkYlMjBBdXRvcGxheSUyMGluZCVDMyVBRHQlQzMlQTFzJTIwJUUyJTgwJTkzJTIwZWwlQzUlOTFzeiVDMyVCNnIlMjBuJUMzJUE5bSVDMyVBRHR2YSUyMGslQzMlQTlyaiVDMyVCQ2slMkMlMjB1dCVDMyVBMW5hJTIwdmlzc3pha2FwY3NvbGp1ayUyMGElMjBoYW5nb3QlMEElMjAlMjBmdW5jdGlvbiUyMHBsYXlWaWRlbyUyOCUyOSUyMCU3QiUwQSUyMCUyMCUyMCUyMGlmJTIwJTI4JTIxdmlkZW8lMjklMjByZXR1cm4lM0IlMEElMjAlMjAlMjAlMjB2aWRlby5tdXRlZCUyMCUzRCUyMHRydWUlM0IlMEElMjAlMjAlMjAlMjB2aWRlby5wbGF5JTI4JTI5LnRoZW4lMjhmdW5jdGlvbiUyOCUyOSUyMCU3QiUwQSUyMCUyMCUyMCUyMCUyMCUyMCUyRiUyRiUyMHNpa2VyJUMzJUJDbHQlMjBuJUMzJUE5bSVDMyVBRHR2YSUyMGVsaW5kJUMzJUFEdGFuaSUyQyUyMHZpc3N6YWhhbmdvcyVDMyVBRHRqdWslMEElMjAlMjAlMjAlMjAlMjAlMjB2aWRlby5tdXRlZCUyMCUzRCUyMGZhbHNlJTNCJTBBJTIwJTIwJTIwJTIwJTdEJTI5LmNhdGNoJTI4ZnVuY3Rpb24lMjhlcnIlMjklMjAlN0IlMEElMjAlMjAlMjAlMjAlMjAlMjBjb25zb2xlLmxvZyUyOCUyMiU1Qk1pc2VQbGF5ZXIlNUQlMjBhdXRvcGxheSUyMGJsb2NrZWQlM0ElMjIlMkMlMjBlcnIlMjklM0IlMEElMjAlMjAlMjAlMjAlMjAlMjBsb2clMjglMjJLJUMzJUE5cmolQzMlQkNrJTJDJTIwa2F0dGludHNvbiUyMGElMjBsZWolQzMlQTF0c3olQzMlQTFzJTIwZ29tYnJhJTIwYSUyMGslQzMlQjZ6dmV0JUMzJUFEdCVDMyVBOXMlMjBlbGluZCVDMyVBRHQlQzMlQTFzJUMzJUExaG96LiUyMiUyOSUzQiUwQSUyMCUyMCUyMCUyMCU3RCUyOSUzQiUwQSUyMCUyMCU3RCUwQSUwQSUyMCUyMCUyRiUyRiUyMEslQzMlQjZ6JUMzJUI2cyUyMGxvZ2lrYSUzQSUyMG4tZWRpayUyMGZvcnIlQzMlQTFzJTIwcHIlQzMlQjNiJUMzJUExbCVDMyVBMXNhJTIwJTI4MCUyMCUzRCUyMG1pc2UlMkMlMjAxJTIwJTNEJTIwbWlzZV9iYWNrdXAlMjklMEElMjAlMjBmdW5jdGlvbiUyMHRyeVNvdXJjZSUyOGluZGV4JTJDJTIwdXNlTmF0aXZlJTI5JTIwJTdCJTBBJTIwJTIwJTIwJTIwY29uc3QlMjBzb3VyY2VzJTIwJTNEJTIwJTVCJTBBJTIwJTIwJTIwJTIwJTIwJTIwJTdCJTIwbmFtZSUzQSUyMCUyMnByaW1hcnklMjIlMkMlMjB1cmwlM0ElMjBwcmltYXJ5VXJsJTIwJTdEJTJDJTBBJTIwJTIwJTIwJTIwJTIwJTIwJTdCJTIwbmFtZSUzQSUyMCUyMmJhY2t1cCUyMiUyQyUyMCUyMHVybCUzQSUyMGJhY2t1cFVybCUyMCUyMCU3RCUwQSUyMCUyMCUyMCUyMCU1RCUzQiUwQSUwQSUyMCUyMCUyMCUyMGlmJTIwJTI4aW5kZXglMjAlM0UlM0QlMjBzb3VyY2VzLmxlbmd0aCUyOSUyMCU3QiUwQSUyMCUyMCUyMCUyMCUyMCUyMCUyRiUyRiUyME1pbmRrZXR0JUM1JTkxcmUlMjBoaWIlQzMlQTF0JTIwa2FwdHVuayUwQSUyMCUyMCUyMCUyMCUyMCUyMGlmJTIwJTI4dGltZUV4Y2VlZGVkJTI4JTI5JTI5JTIwJTdCJTBBJTIwJTIwJTIwJTIwJTIwJTIwJTIwJTIwbG9nJTI4JTIyQSUyMG1haSUyMGslQzMlQjZ6dmV0JUMzJUFEdCVDMyVBOXMlMjBqZWxlbmxlZyUyMG5lbSUyMCVDMyVBOXJoZXQlQzUlOTElMjBlbCUyQyUyMHZhZ3klMjBtJUMzJUExciUyMHYlQzMlQTlnZXQlMjAlQzMlQTlydC4lMjIlMjklM0IlMEElMjAlMjAlMjAlMjAlMjAlMjAlMjAlMjBpZiUyMCUyOGhscyUyOSUyMCU3QiUyMGhscy5kZXN0cm95JTI4JTI5JTNCJTIwaGxzJTIwJTNEJTIwbnVsbCUzQiUyMCU3RCUwQSUyMCUyMCUyMCUyMCUyMCUyMCU3RCUyMGVsc2UlMjAlN0IlMEElMjAlMjAlMjAlMjAlMjAlMjAlMjAlMjBsb2clMjglMjJKZWxlbmxlZyUyMG0lQzMlQTlnJTIwbmluY3MlMjAlQzMlQTlsJUM1JTkxJTIwayVDMyVCNnp2ZXQlQzMlQUR0JUMzJUE5cy4lMjAlQzMlOUFqcmFwciVDMyVCM2IlQzMlQTFsa296JUMzJUExcyUyMCUyMiUyMCUyQiUyMCUyOHJldHJ5RGVsYXlNcyUyRjEwMDAlMjklMjAlMkIlMjAlMjIlMjBtJUMzJUExc29kcGVyYyUyMG0lQzMlQkFsdmEuLi4lMjIlMjklM0IlMEElMjAlMjAlMjAlMjAlMjAlMjAlMjAlMjBpZiUyMCUyOGhscyUyOSUyMCU3QiUyMGhscy5kZXN0cm95JTI4JTI5JTNCJTIwaGxzJTIwJTNEJTIwbnVsbCUzQiUyMCU3RCUwQSUyMCUyMCUyMCUyMCUyMCUyMCUyMCUyMHNldFRpbWVvdXQlMjhmdW5jdGlvbiUyOCUyOSUyMCU3QiUyMHRyeVNvdXJjZSUyODAlMkMlMjB1c2VOYXRpdmUlMjklM0IlMjAlN0QlMkMlMjByZXRyeURlbGF5TXMlMjklM0IlMEElMjAlMjAlMjAlMjAlMjAlMjAlN0QlMEElMjAlMjAlMjAlMjAlMjAlMjByZXR1cm4lM0IlMEElMjAlMjAlMjAlMjAlN0QlMEElMEElMjAlMjAlMjAlMjBjb25zdCUyMHNyYyUyMCUzRCUyMHNvdXJjZXMlNUJpbmRleCU1RCUzQiUwQSUyMCUyMCUyMCUyMGxvZyUyOCUyMkthcGNzb2wlQzMlQjNkJUMzJUExcyUzQSUyMCUyMiUyMCUyQiUyMCUyOHNyYy5uYW1lJTIwJTNEJTNEJTNEJTIwJTIycHJpbWFyeSUyMiUyMCUzRiUyMCUyMmYlQzUlOTElMjBrJUMzJUI2enZldCVDMyVBRHQlQzMlQTlzJTIwJTI4bWlzZSUyOSUyMiUyMCUzQSUyMCUyMnRhcnRhbCVDMyVBOWslMjAlMjhtaXNlX2JhY2t1cCUyOSUyMiUyOSUyOSUzQiUwQSUwQSUyMCUyMCUyMCUyMGlmJTIwJTI4dXNlTmF0aXZlJTI5JTIwJTdCJTBBJTIwJTIwJTIwJTIwJTIwJTIwJTJGJTJGJTIwaU9TJTIwJTJGJTIwU2FmYXJpJTIwbmF0JUMzJUFEdiUyMEhMUyUwQSUyMCUyMCUyMCUyMCUyMCUyMHZpZGVvLnNyYyUyMCUzRCUyMHNyYy51cmwlM0IlMEElMEElMjAlMjAlMjAlMjAlMjAlMjB2aWRlby5vbmxvYWRlZG1ldGFkYXRhJTIwJTNEJTIwZnVuY3Rpb24lMjglMjklMjAlN0IlMEElMjAlMjAlMjAlMjAlMjAlMjAlMjAlMjBsb2clMjglMjIlMjIlMjklM0IlMEElMjAlMjAlMjAlMjAlMjAlMjAlMjAlMjBwbGF5VmlkZW8lMjglMjklM0IlMEElMjAlMjAlMjAlMjAlMjAlMjAlN0QlM0IlMEElMEElMjAlMjAlMjAlMjAlMjAlMjB2aWRlby5vbmVycm9yJTIwJTNEJTIwZnVuY3Rpb24lMjglMjklMjAlN0IlMEElMjAlMjAlMjAlMjAlMjAlMjAlMjAlMjB2aWRlby5vbmVycm9yJTIwJTNEJTIwbnVsbCUzQiUwQSUyMCUyMCUyMCUyMCUyMCUyMCUyMCUyMGlmJTIwJTI4aW5kZXglMjAlM0QlM0QlM0QlMjAwJTI5JTIwJTdCJTBBJTIwJTIwJTIwJTIwJTIwJTIwJTIwJTIwJTIwJTIwbG9nJTI4JTIySGliYSUyMGElMjBmJUM1JTkxJTIwayVDMyVCNnp2ZXQlQzMlQUR0JUMzJUE5c24lQzMlQTlsJTJDJTIwJUMzJUExdHYlQzMlQTFsdCVDMyVBMXMlMjB0YXJ0YWwlQzMlQTlrJTIwc3RyZWFtcmUuLi4lMjIlMjklM0IlMEElMjAlMjAlMjAlMjAlMjAlMjAlMjAlMjAlN0QlMEElMjAlMjAlMjAlMjAlMjAlMjAlMjAlMjB0cnlTb3VyY2UlMjhpbmRleCUyMCUyQiUyMDElMkMlMjB0cnVlJTI5JTNCJTBBJTIwJTIwJTIwJTIwJTIwJTIwJTdEJTNCJTBBJTBBJTIwJTIwJTIwJTIwJTdEJTIwZWxzZSUyMCU3QiUwQSUyMCUyMCUyMCUyMCUyMCUyMCUyRiUyRiUyMGhscy5qcyUwQSUyMCUyMCUyMCUyMCUyMCUyMGlmJTIwJTI4aGxzJTI5JTIwJTdCJTBBJTIwJTIwJTIwJTIwJTIwJTIwJTIwJTIwaGxzLmRlc3Ryb3klMjglMjklM0IlMEElMjAlMjAlMjAlMjAlMjAlMjAlMjAlMjBobHMlMjAlM0QlMjBudWxsJTNCJTBBJTIwJTIwJTIwJTIwJTIwJTIwJTdEJTBBJTBBJTIwJTIwJTIwJTIwJTIwJTIwaGxzJTIwJTNEJTIwbmV3JTIwSGxzJTI4JTI5JTNCJTBBJTIwJTIwJTIwJTIwJTIwJTIwaGxzLmxvYWRTb3VyY2UlMjhzcmMudXJsJTI5JTNCJTBBJTIwJTIwJTIwJTIwJTIwJTIwaGxzLmF0dGFjaE1lZGlhJTI4dmlkZW8lMjklM0IlMEElMEElMjAlMjAlMjAlMjAlMjAlMjBobHMub24lMjhIbHMuRXZlbnRzLk1BTklGRVNUX1BBUlNFRCUyQyUyMGZ1bmN0aW9uJTI4JTI5JTIwJTdCJTBBJTIwJTIwJTIwJTIwJTIwJTIwJTIwJTIwbG9nJTI4JTIyJTIyJTI5JTNCJTBBJTIwJTIwJTIwJTIwJTIwJTIwJTIwJTIwcGxheVZpZGVvJTI4JTI5JTNCJTBBJTIwJTIwJTIwJTIwJTIwJTIwJTdEJTI5JTNCJTBBJTBBJTIwJTIwJTIwJTIwJTIwJTIwaGxzLm9uJTI4SGxzLkV2ZW50cy5FUlJPUiUyQyUyMGZ1bmN0aW9uJTI4ZXZlbnQlMkMlMjBkYXRhJTI5JTIwJTdCJTBBJTIwJTIwJTIwJTIwJTIwJTIwJTIwJTIwY29uc29sZS5sb2clMjglMjIlNUJNaXNlUGxheWVyJTVEJTIwSExTJTIwZXJyb3IlM0ElMjIlMkMlMjBkYXRhLnR5cGUlMkMlMjBkYXRhLmRldGFpbHMlMkMlMjBkYXRhLmZhdGFsJTI5JTNCJTBBJTIwJTIwJTIwJTIwJTIwJTIwJTIwJTIwJTJGJTJGJTIwY3NhayUyMGElMjBUJUMzJTg5TllMRUclMjB2JUMzJUE5Z3pldGVzJTIwaGliJUMzJUExa3JhJTIwcmVhZyVDMyVBMWx1bmslMEElMjAlMjAlMjAlMjAlMjAlMjAlMjAlMjBpZiUyMCUyOCUyMWRhdGEuZmF0YWwlMjklMjByZXR1cm4lM0IlMEElMEElMjAlMjAlMjAlMjAlMjAlMjAlMjAlMjBpZiUyMCUyOGluZGV4JTIwJTNEJTNEJTNEJTIwMCUyOSUyMCU3QiUwQSUyMCUyMCUyMCUyMCUyMCUyMCUyMCUyMCUyMCUyMGxvZyUyOCUyMkhpYmElMjBhJTIwZiVDNSU5MSUyMGslQzMlQjZ6dmV0JUMzJUFEdCVDMyVBOXNuJUMzJUE5bCUyQyUyMCVDMyVBMXR2JUMzJUExbHQlQzMlQTFzJTIwdGFydGFsJUMzJUE5ayUyMHN0cmVhbXJlLi4uJTIyJTI5JTNCJTBBJTIwJTIwJTIwJTIwJTIwJTIwJTIwJTIwJTdEJTBBJTIwJTIwJTIwJTIwJTIwJTIwJTIwJTIwdHJ5U291cmNlJTI4aW5kZXglMjAlMkIlMjAxJTJDJTIwZmFsc2UlMjklM0IlMEElMjAlMjAlMjAlMjAlMjAlMjAlN0QlMjklM0IlMEElMjAlMjAlMjAlMjAlN0QlMEElMjAlMjAlN0QlMEElMEElMjAlMjAlMkYlMkYlMjBJbmQlQzMlQUR0JUMzJUExcyUwQSUyMCUyMGxvZyUyOCUyMkthcGNzb2wlQzMlQjNkJUMzJUExcyUyMGElMjBrJUMzJUI2enZldCVDMyVBRHQlQzMlQTlzaGV6Li4uJTIyJTI5JTNCJTBBJTBBJTIwJTIwaWYlMjAlMjh3aW5kb3cuSGxzJTIwJTI2JTI2JTIwSGxzLmlzU3VwcG9ydGVkJTI4JTI5JTI5JTIwJTdCJTBBJTIwJTIwJTIwJTIwdHJ5U291cmNlJTI4MCUyQyUyMGZhbHNlJTI5JTNCJTBBJTIwJTIwJTdEJTIwZWxzZSUyMGlmJTIwJTI4dmlkZW8lMjAlMjYlMjYlMjB2aWRlby5jYW5QbGF5VHlwZSUyOCUyMmFwcGxpY2F0aW9uJTJGdm5kLmFwcGxlLm1wZWd1cmwlMjIlMjklMjklMjAlN0IlMEElMjAlMjAlMjAlMjB0cnlTb3VyY2UlMjgwJTJDJTIwdHJ1ZSUyOSUzQiUwQSUyMCUyMCU3RCUyMGVsc2UlMjAlN0IlMEElMjAlMjAlMjAlMjBsb2clMjglMjJBJTIwYiVDMyVCNm5nJUMzJUE5c3olQzUlOTElMjBuZW0lMjB0JUMzJUExbW9nYXRqYSUyMGElMjBITFMlMjBsZWolQzMlQTF0c3olQzMlQTFzdC4lMjIlMjklM0IlMEElMjAlMjAlN0QlMEElN0QlMjklMjglMjklM0IlMEElM0MlMkZzY3JpcHQlM0UlMEE=[\/vc_raw_html][\/vc_column][\/vc_row][vc_row][vc_column][vc_column_text]<\/p>\n<p style=\"text-align: center;\"><strong>T\u00c1MOGAT\u00c1S<\/strong><\/p>\n<p style=\"text-align: center;\">Az al\u00e1bbi sz\u00e1ml\u00e1ra utal\u00e1ssal tudja t\u00e1mogatni a mise.hu-t!<br \/>\nK\u00e9rj\u00fck, a k\u00f6zlem\u00e9nybe \u00edrja be, hogy mise.hu<br \/>\nK\u00f6sz\u00f6nj\u00fck t\u00e1mogat\u00e1s\u00e1t!<br \/>\n<strong>Pestszenterzs\u00e9beti J\u00e9zus Sz\u00edve Pl\u00e9b\u00e1nia<\/strong><br \/>\nBelf\u00f6ldi sz\u00e1mlasz\u00e1m: <strong>10702277 73760580 51100005<\/strong><br \/>\n<strong>IBAN<\/strong> sz\u00e1mlasz\u00e1m: <strong>HU37 10702277 73760580 51100005<\/strong><br \/>\nSWIFT: CIBHHUHB[\/vc_column_text][\/vc_column][\/vc_row]<\/p>\n<\/div>","protected":false},"excerpt":{"rendered":"<p>[vc_row content_type=&#8221;full_width_bg_content&#8221; pattern=&#8221;&#8221; padding_top=&#8221;80&#8243; padding_bottom=&#8221;80&#8243;][vc_column width=&#8221;1\/4&#8243;][vc_column_text css=&#8221;&#8221;]K\u00f6zvet\u00edt\u00e9sek id\u0151pontja: kedd, cs\u00fct\u00f6rt\u00f6k 8 \u00f3ra szombat 18 \u00f3ra vas\u00e1rnap 11 \u00f3ra [\/vc_column_text][\/vc_column][vc_column width=&#8221;3\/4&#8243;][vc_raw_html css=&#8221;&#8221; el_id=&#8221;Mise player&#8221;]JTNDZGl2JTIwY2xhc3MlM0QlMjJtaXNlLXBsYXllci13cmFwcGVyJTIyJTNFJTBBJTIwJTIwJTNDZGl2JTIwY2xhc3MlM0QlMjJtaXNlLXBsYXllci1pbm5lciUyMiUzRSUwQSUyMCUyMCUyMCUyMCUzQ3ZpZGVvJTIwaWQlM0QlMjJtaXNlLXBsYXllciUyMiUwQSUyMCUyMCUyMCUyMCUyMCUyMCUyMCUyMCUyMCUyMCUyMGNsYXNzJTNEJTIybWlzZS1wbGF5ZXItdmlkZW8lMjIlMEElMjAlMjAlMjAlMjAlMjAlMjAlMjAlMjAlMjAlMjAlMjBjb250cm9scyUwQSUyMCUyMCUyMCUyMCUyMCUyMCUyMCUyMCUyMCUyMCUyMGF1dG9wbGF5JTBBJTIwJTIwJTIwJTIwJTIwJTIwJTIwJTIwJTIwJTIwJTIwcGxheXNpbmxpbmUlMEElMjAlMjAlMjAlMjAlMjAlMjAlMjAlMjAlMjAlMjAlMjBwcmVsb2FkJTNEJTIybWV0YWRhdGElMjIlM0UlM0MlMkZ2aWRlbyUzRSUwQSUyMCUyMCUyMCUyMCUzQ2RpdiUyMGlkJTNEJTIybWlzZS1zdGF0dXMlMjIlMjBjbGFzcyUzRCUyMm1pc2UtcGxheWVyLXN0YXR1cyUyMiUzRSUzQyUyRmRpdiUzRSUwQSUyMCUyMCUzQyUyRmRpdiUzRSUwQSUzQyUyRmRpdiUzRSUwQSUwQSUzQ3N0eWxlJTNFJTBBLm1pc2UtcGxheWVyLXdyYXBwZXIlMjAlN0IlMEElMjAlMjBkaXNwbGF5JTNBJTIwZmxleCUzQiUwQSUyMCUyMGp1c3RpZnktY29udGVudCUzQSUyMGNlbnRlciUzQiUwQSUyMCUyMG1hcmdpbiUzQSUyMDQwcHglMjAwJTIwMjBweCUzQiUwQSU3RCUwQS5taXNlLXBsYXllci1pbm5lciUyMCU3QiUwQSUyMCUyMHdpZHRoJTNBJTIwMTAwJTI1JTNCJTBBJTIwJTIwbWF4LXdpZHRoJTNBJTIwOTYwcHglM0IlMEElMjAlMjAlMkYlMkElMjBjc2FrJTIwYSUyMGslQzMlQTlrJTIwa2VyZXQlMjBtYXJhZGpvbiUyMCUyQSUyRiUwQSUyMCUyMGJhY2tncm91bmQlM0ElMjAlMjMyZjZmZGQlM0IlMjAlMjAlMjAlMjAlMjAlMjAlMjAlMjAlMjAlMjAlMkYlMkElMjAlM0MtJTIwZXolMjB2b2x0JTIwYSUyMHMlQzMlQjZ0JUMzJUE5dCUyMHMlQzMlQTF2JTIwJTJBJTJGJTBBJTIwJTIwYm9yZGVyLXJhZGl1cyUzQSUyMDE0cHglM0IlMEElMjAlMjBwYWRkaW5nJTNBJTIwNHB4JTNCJTIwJTIwJTIwJTIwJTIwJTIwJTIwJTIwJTIwJTIwJTIwJTIwJTIwJTIwJTIwJTIwJTIwJTIwJTIwJTIwJTIwJTJGJTJBJTIwdiVDMyVBOWtvbnklMjAlRTIlODAlOUVrJUMzJUE5ayVFMiU4MCU5RCUyMGtlcmV0JTIwJTJBJTJGJTBBJTIwJTIwYm9yZGVyJTNBJTIwM3B4JTIwc29saWQlMjAlMjMyZjZmZGQlM0IlMEElMjAlMjBib3gtc2hhZG93JTNBJTIwMCUyMDEycHglMjAzNnB4JTIwcmdiYSUyODAlMkMlMjAwJTJDJTIwMCUyQyUyMDAuNSUyOSUzQiUwQSU3RCUwQS5taXNlLXBsYXllci12aWRlbyUyMCU3QiUwQSUyMCUyMHdpZHRoJTNBJTIwMTAwJTI1JTNCJTBBJTIwJTIwYXNwZWN0LXJhdGlvJTNBJTIwMTYlMjAlMkYlMjA5JTNCJTBBJTIwJTIwYmFja2dyb3VuZCUzQSUyMCUyMzAwMCUzQiUwQSUyMCUyMGJvcmRlci1yYWRpdXMlM0ElMjAxMHB4JTNCJTBBJTIwJTIwZGlzcGxheSUzQSUyMGJsb2NrJTNCJTBBJTIwJTIwb2JqZWN0LWZpdCUzQSUyMGNvdmVyJTNCJTBBJTdEJTBBLm1pc2UtcGxheWVyLXN0YXR1cyUyMCU3QiUwQSUyMCUyMG1hcmdpbi10b3AlM0ElMjA4cHglM0IlMEElMjAlMjB0ZXh0LWFsaWduJTNBJTIwY2VudGVyJTNCJTBBJTIwJTIwZm9udC1zaXplJTNBJTIwMTRweCUzQiUwQSUyMCUyMGNvbG9yJTNBJTIwJTIzZGRkJTNCJTBBJTIwJTIwZm9udC1zdHlsZSUzQSUyMGl0YWxpYyUzQiUwQSUyMCUyMG1pbi1oZWlnaHQlM0ElMjAxLjJlbSUzQiUwQSU3RCUwQSUyRiUyQSUyMElkJUM1JTkxJTIwa2lqZWx6JUMzJUE5cyUyMGVscmVqdCVDMyVBOXNlJTIwJTI4Q2hyb21lJTIwJTJGJTIwRWRnZSUyMCUyRiUyMFNhZmFyaSUyOSUyMCUyQSUyRiUwQS5taXNlLXBsYXllci12aWRlbyUzQSUzQS13ZWJraXQtbWVkaWEtY29udHJvbHMtY3VycmVudC10aW1lLWRpc3BsYXklMkMlMEEubWlzZS1wbGF5ZXItdmlkZW8lM0ElM0Etd2Via2l0LW1lZGlhLWNvbnRyb2xzLXRpbWUtcmVtYWluaW5nLWRpc3BsYXklMjAlN0IlMEElMjAlMjBkaXNwbGF5JTNBJTIwbm9uZSUyMCUyMWltcG9ydGFudCUzQiUwQSU3RCUwQSUzQyUyRnN0eWxlJTNFJTBBJTBBJTNDc2NyaXB0JTIwc3JjJTNEJTIyaHR0cHMlM0ElMkYlMkZjZG4uanNkZWxpdnIubmV0JTJGbnBtJTJGaGxzLmpzJTQwbGF0ZXN0JTIyJTNFJTNDJTJGc2NyaXB0JTNFJTBBJTNDc2NyaXB0JTNFJTBBJTI4ZnVuY3Rpb24lMjglMjklMjAlN0IlMEElMjAlMjBjb25zdCUyMHByaW1hcnlVcmwlMjAlM0QlMjAlMjJodHRwcyUzQSUyRiUyRmNzdHJlYW0uZXUlM0E4NDQzJTJGbGl2ZSUyRm1pc2UlMkZwbGF5bGlzdC5tM3U4JTIyJTNCJTBBJTIwJTIwY29uc3QlMjBiYWNrdXBVcmwlMjAlMjAlM0QlMjAlMjJodHRwcyUzQSUyRiUyRmNzdHJlYW0uZXUlM0E4NDQzJTJGbGl2ZSUyRm1pc2VfYmFja3VwJTJGcGxheWxpc3QubTN1OCUyMiUzQiUwQSUwQSUyMCUyMGNvbnN0JTIwcmV0cnlEZWxheU1zJTIwJTIwJTIwJTIwJTIwJTIwJTIwJTNEJTIwMTAwMDAlM0IlMjAlMjAlMjAlMjAlMjAlMjAlMjAlMjAlMjAlMjAlMjAlMjAlMkYlMkYlMjAxMCUyMG1wLWVuayVDMyVBOW50JTIwJUMzJUJBanJhcHIlQzMlQjNiYSUwQSUyMCUyMGNvbnN0JTIwbWF4UmV0cnlEdXJhdGlvbk1zJTIwJTNEJTIwMjAlMjAlMkElMjA2MCUyMCUyQSUyMDEwMDAlM0IlMjAlMjAlMkYlMkYlMjAyMCUyMHBlcmMlMjBhYmxhayUwQSUwQSUyMCUyMGNvbnN0JTIwdmlkZW8lMjAlMjAlM0QlMjBkb2N1bWVudC5nZXRFbGVtZW50QnlJZCUyOCUyMm1pc2UtcGxheWVyJTIyJTI5JTNCJTBBJTIwJTIwY29uc3QlMjBzdGF0dXMlMjAlM0QlMjBkb2N1bWVudC5nZXRFbGVtZW50QnlJZCUyOCUyMm1pc2Utc3RhdHVzJTIyJTI5JTNCJTBBJTIwJTIwbGV0JTIwJTIwJTIwaGxzJTIwJTIwJTIwJTIwJTNEJTIwbnVsbCUzQiUwQSUwQSUyMCUyMGNvbnN0JTIwc3RhcnRUaW1lJTIwJTNEJTIwRGF0ZS5ub3clMjglMjklM0IlMEElMEElMjAlMjBmdW5jdGlvbiUyMGxvZyUyOG1zZyUyOSUyMCU3QiUwQSUyMCUyMCUyMCUyMGNvbnNvbGUubG9nJTI4JTIyJTVCTWlzZVBsYXllciU1RCUyMiUyQyUyMG1zZyUyOSUzQiUwQSUyMCUyMCUyMCUyMGlmJTIwJTI4c3RhdHVzJTI5JTIwc3RhdHVzLnRleHRDb250ZW50JTIwJTNEJTIwbXNnJTIwJTdDJTdDJTIwJTIyJTIyJTNCJTBBJTIwJTIwJTdEJTBBJTBBJTIwJTIwZnVuY3Rpb24lMjB0aW1lRXhjZWVkZWQlMjglMjklMjAlN0IlMEElMjAlMjAlMjAlMjByZXR1cm4lMjAlMjhEYXRlLm5vdyUyOCUyOSUyMC0lMjBzdGFydFRpbWUlMjklMjAlM0UlMjBtYXhSZXRyeUR1cmF0aW9uTXMlM0IlMEElMjAlMjAlN0QlMEElMEElMjAlMjAlMkYlMkYlMjBBdXRvcGxheSUyMGluZCVDMyVBRHQlQzMlQTFzJTIwJUUyJTgwJTkzJTIwZWwlQzUlOTFzeiVDMyVCNnIlMjBuJUMzJUE5bSVDMyVBRHR2YSUyMGslQzMlQTlyaiVDMyVCQ2slMkMlMjB1dCVDMyVBMW5hJTIwdmlzc3pha2FwY3NvbGp1ayUyMGElMjBoYW5nb3QlMEElMjAlMjBmdW5jdGlvbiUyMHBsYXlWaWRlbyUyOCUyOSUyMCU3QiUwQSUyMCUyMCUyMCUyMGlmJTIwJTI4JTIxdmlkZW8lMjklMjByZXR1cm4lM0IlMEElMjAlMjAlMjAlMjB2aWRlby5tdXRlZCUyMCUzRCUyMHRydWUlM0IlMEElMjAlMjAlMjAlMjB2aWRlby5wbGF5JTI4JTI5LnRoZW4lMjhmdW5jdGlvbiUyOCUyOSUyMCU3QiUwQSUyMCUyMCUyMCUyMCUyMCUyMCUyRiUyRiUyMHNpa2VyJUMzJUJDbHQlMjBuJUMzJUE5bSVDMyVBRHR2YSUyMGVsaW5kJUMzJUFEdGFuaSUyQyUyMHZpc3N6YWhhbmdvcyVDMyVBRHRqdWslMEElMjAlMjAlMjAlMjAlMjAlMjB2aWRlby5tdXRlZCUyMCUzRCUyMGZhbHNlJTNCJTBBJTIwJTIwJTIwJTIwJTdEJTI5LmNhdGNoJTI4ZnVuY3Rpb24lMjhlcnIlMjklMjAlN0IlMEElMjAlMjAlMjAlMjAlMjAlMjBjb25zb2xlLmxvZyUyOCUyMiU1Qk1pc2VQbGF5ZXIlNUQlMjBhdXRvcGxheSUyMGJsb2NrZWQlM0ElMjIlMkMlMjBlcnIlMjklM0IlMEElMjAlMjAlMjAlMjAlMjAlMjBsb2clMjglMjJLJUMzJUE5cmolQzMlQkNrJTJDJTIwa2F0dGludHNvbiUyMGElMjBsZWolQzMlQTF0c3olQzMlQTFzJTIwZ29tYnJhJTIwYSUyMGslQzMlQjZ6dmV0JUMzJUFEdCVDMyVBOXMlMjBlbGluZCVDMyVBRHQlQzMlQTFzJUMzJUExaG96LiUyMiUyOSUzQiUwQSUyMCUyMCUyMCUyMCU3RCUyOSUzQiUwQSUyMCUyMCU3RCUwQSUwQSUyMCUyMCUyRiUyRiUyMEslQzMlQjZ6JUMzJUI2cyUyMGxvZ2lrYSUzQSUyMG4tZWRpayUyMGZvcnIlQzMlQTFzJTIwcHIlQzMlQjNiJUMzJUExbCVDMyVBMXNhJTIwJTI4MCUyMCUzRCUyMG1pc2UlMkMlMjAxJTIwJTNEJTIwbWlzZV9iYWNrdXAlMjklMEElMjAlMjBmdW5jdGlvbiUyMHRyeVNvdXJjZSUyOGluZGV4JTJDJTIwdXNlTmF0aXZlJTI5JTIwJTdCJTBBJTIwJTIwJTIwJTIwY29uc3QlMjBzb3VyY2VzJTIwJTNEJTIwJTVCJTBBJTIwJTIwJTIwJTIwJTIwJTIwJTdCJTIwbmFtZSUzQSUyMCUyMnByaW1hcnklMjIlMkMlMjB1cmwlM0ElMjBwcmltYXJ5VXJsJTIwJTdEJTJDJTBBJTIwJTIwJTIwJTIwJTIwJTIwJTdCJTIwbmFtZSUzQSUyMCUyMmJhY2t1cCUyMiUyQyUyMCUyMHVybCUzQSUyMGJhY2t1cFVybCUyMCUyMCU3RCUwQSUyMCUyMCUyMCUyMCU1RCUzQiUwQSUwQSUyMCUyMCUyMCUyMGlmJTIwJTI4aW5kZXglMjAlM0UlM0QlMjBzb3VyY2VzLmxlbmd0aCUyOSUyMCU3QiUwQSUyMCUyMCUyMCUyMCUyMCUyMCUyRiUyRiUyME1pbmRrZXR0JUM1JTkxcmUlMjBoaWIlQzMlQTF0JTIwa2FwdHVuayUwQSUyMCUyMCUyMCUyMCUyMCUyMGlmJTIwJTI4dGltZUV4Y2VlZGVkJTI4JTI5JTI5JTIwJTdCJTBBJTIwJTIwJTIwJTIwJTIwJTIwJTIwJTIwbG9nJTI4JTIyQSUyMG1haSUyMGslQzMlQjZ6dmV0JUMzJUFEdCVDMyVBOXMlMjBqZWxlbmxlZyUyMG5lbSUyMCVDMyVBOXJoZXQlQzUlOTElMjBlbCUyQyUyMHZhZ3klMjBtJUMzJUExciUyMHYlQzMlQTlnZXQlMjAlQzMlQTlydC4lMjIlMjklM0IlMEElMjAlMjAlMjAlMjAlMjAlMjAlMjAlMjBpZiUyMCUyOGhscyUyOSUyMCU3QiUyMGhscy5kZXN0cm95JTI4JTI5JTNCJTIwaGxzJTIwJTNEJTIwbnVsbCUzQiUyMCU3RCUwQSUyMCUyMCUyMCUyMCUyMCUyMCU3RCUyMGVsc2UlMjAlN0IlMEElMjAlMjAlMjAlMjAlMjAlMjAlMjAlMjBsb2clMjglMjJKZWxlbmxlZyUyMG0lQzMlQTlnJTIwbmluY3MlMjAlQzMlQTlsJUM1JTkxJTIwayVDMyVCNnp2ZXQlQzMlQUR0JUMzJUE5cy4lMjAlQzMlOUFqcmFwciVDMyVCM2IlQzMlQTFsa296JUMzJUExcyUyMCUyMiUyMCUyQiUyMCUyOHJldHJ5RGVsYXlNcyUyRjEwMDAlMjklMjAlMkIlMjAlMjIlMjBtJUMzJUExc29kcGVyYyUyMG0lQzMlQkFsdmEuLi4lMjIlMjklM0IlMEElMjAlMjAlMjAlMjAlMjAlMjAlMjAlMjBpZiUyMCUyOGhscyUyOSUyMCU3QiUyMGhscy5kZXN0cm95JTI4JTI5JTNCJTIwaGxzJTIwJTNEJTIwbnVsbCUzQiUyMCU3RCUwQSUyMCUyMCUyMCUyMCUyMCUyMCUyMCUyMHNldFRpbWVvdXQlMjhmdW5jdGlvbiUyOCUyOSUyMCU3QiUyMHRyeVNvdXJjZSUyODAlMkMlMjB1c2VOYXRpdmUlMjklM0IlMjAlN0QlMkMlMjByZXRyeURlbGF5TXMlMjklM0IlMEElMjAlMjAlMjAlMjAlMjAlMjAlN0QlMEElMjAlMjAlMjAlMjAlMjAlMjByZXR1cm4lM0IlMEElMjAlMjAlMjAlMjAlN0QlMEElMEElMjAlMjAlMjAlMjBjb25zdCUyMHNyYyUyMCUzRCUyMHNvdXJjZXMlNUJpbmRleCU1RCUzQiUwQSUyMCUyMCUyMCUyMGxvZyUyOCUyMkthcGNzb2wlQzMlQjNkJUMzJUExcyUzQSUyMCUyMiUyMCUyQiUyMCUyOHNyYy5uYW1lJTIwJTNEJTNEJTNEJTIwJTIycHJpbWFyeSUyMiUyMCUzRiUyMCUyMmYlQzUlOTElMjBrJUMzJUI2enZldCVDMyVBRHQlQzMlQTlzJTIwJTI4bWlzZSUyOSUyMiUyMCUzQSUyMCUyMnRhcnRhbCVDMyVBOWslMjAlMjhtaXNlX2JhY2t1cCUyOSUyMiUyOSUyOSUzQiUwQSUwQSUyMCUyMCUyMCUyMGlmJTIwJTI4dXNlTmF0aXZlJTI5JTIwJTdCJTBBJTIwJTIwJTIwJTIwJTIwJTIwJTJGJTJGJTIwaU9TJTIwJTJGJTIwU2FmYXJpJTIwbmF0JUMzJUFEdiUyMEhMUyUwQSUyMCUyMCUyMCUyMCUyMCUyMHZpZGVvLnNyYyUyMCUzRCUyMHNyYy51cmwlM0IlMEElMEElMjAlMjAlMjAlMjAlMjAlMjB2aWRlby5vbmxvYWRlZG1ldGFkYXRhJTIwJTNEJTIwZnVuY3Rpb24lMjglMjklMjAlN0IlMEElMjAlMjAlMjAlMjAlMjAlMjAlMjAlMjBsb2clMjglMjIlMjIlMjklM0IlMEElMjAlMjAlMjAlMjAlMjAlMjAlMjAlMjBwbGF5VmlkZW8lMjglMjklM0IlMEElMjAlMjAlMjAlMjAlMjAlMjAlN0QlM0IlMEElMEElMjAlMjAlMjAlMjAlMjAlMjB2aWRlby5vbmVycm9yJTIwJTNEJTIwZnVuY3Rpb24lMjglMjklMjAlN0IlMEElMjAlMjAlMjAlMjAlMjAlMjAlMjAlMjB2aWRlby5vbmVycm9yJTIwJTNEJTIwbnVsbCUzQiUwQSUyMCUyMCUyMCUyMCUyMCUyMCUyMCUyMGlmJTIwJTI4aW5kZXglMjAlM0QlM0QlM0QlMjAwJTI5JTIwJTdCJTBBJTIwJTIwJTIwJTIwJTIwJTIwJTIwJTIwJTIwJTIwbG9nJTI4JTIySGliYSUyMGElMjBmJUM1JTkxJTIwayVDMyVCNnp2ZXQlQzMlQUR0JUMzJUE5c24lQzMlQTlsJTJDJTIwJUMzJUExdHYlQzMlQTFsdCVDMyVBMXMlMjB0YXJ0YWwlQzMlQTlrJTIwc3RyZWFtcmUuLi4lMjIlMjklM0IlMEElMjAlMjAlMjAlMjAlMjAlMjAlMjAlMjAlN0QlMEElMjAlMjAlMjAlMjAlMjAlMjAlMjAlMjB0cnlTb3VyY2UlMjhpbmRleCUyMCUyQiUyMDElMkMlMjB0cnVlJTI5JTNCJTBBJTIwJTIwJTIwJTIwJTIwJTIwJTdEJTNCJTBBJTBBJTIwJTIwJTIwJTIwJTdEJTIwZWxzZSUyMCU3QiUwQSUyMCUyMCUyMCUyMCUyMCUyMCUyRiUyRiUyMGhscy5qcyUwQSUyMCUyMCUyMCUyMCUyMCUyMGlmJTIwJTI4aGxzJTI5JTIwJTdCJTBBJTIwJTIwJTIwJTIwJTIwJTIwJTIwJTIwaGxzLmRlc3Ryb3klMjglMjklM0IlMEElMjAlMjAlMjAlMjAlMjAlMjAlMjAlMjBobHMlMjAlM0QlMjBudWxsJTNCJTBBJTIwJTIwJTIwJTIwJTIwJTIwJTdEJTBBJTBBJTIwJTIwJTIwJTIwJTIwJTIwaGxzJTIwJTNEJTIwbmV3JTIwSGxzJTI4JTI5JTNCJTBBJTIwJTIwJTIwJTIwJTIwJTIwaGxzLmxvYWRTb3VyY2UlMjhzcmMudXJsJTI5JTNCJTBBJTIwJTIwJTIwJTIwJTIwJTIwaGxzLmF0dGFjaE1lZGlhJTI4dmlkZW8lMjklM0IlMEElMEElMjAlMjAlMjAlMjAlMjAlMjBobHMub24lMjhIbHMuRXZlbnRzLk1BTklGRVNUX1BBUlNFRCUyQyUyMGZ1bmN0aW9uJTI4JTI5JTIwJTdCJTBBJTIwJTIwJTIwJTIwJTIwJTIwJTIwJTIwbG9nJTI4JTIyJTIyJTI5JTNCJTBBJTIwJTIwJTIwJTIwJTIwJTIwJTIwJTIwcGxheVZpZGVvJTI4JTI5JTNCJTBBJTIwJTIwJTIwJTIwJTIwJTIwJTdEJTI5JTNCJTBBJTBBJTIwJTIwJTIwJTIwJTIwJTIwaGxzLm9uJTI4SGxzLkV2ZW50cy5FUlJPUiUyQyUyMGZ1bmN0aW9uJTI4ZXZlbnQlMkMlMjBkYXRhJTI5JTIwJTdCJTBBJTIwJTIwJTIwJTIwJTIwJTIwJTIwJTIwY29uc29sZS5sb2clMjglMjIlNUJNaXNlUGxheWVyJTVEJTIwSExTJTIwZXJyb3IlM0ElMjIlMkMlMjBkYXRhLnR5cGUlMkMlMjBkYXRhLmRldGFpbHMlMkMlMjBkYXRhLmZhdGFsJTI5JTNCJTBBJTIwJTIwJTIwJTIwJTIwJTIwJTIwJTIwJTJGJTJGJTIwY3NhayUyMGElMjBUJUMzJTg5TllMRUclMjB2JUMzJUE5Z3pldGVzJTIwaGliJUMzJUExa3JhJTIwcmVhZyVDMyVBMWx1bmslMEElMjAlMjAlMjAlMjAlMjAlMjAlMjAlMjBpZiUyMCUyOCUyMWRhdGEuZmF0YWwlMjklMjByZXR1cm4lM0IlMEElMEElMjAlMjAlMjAlMjAlMjAlMjAlMjAlMjBpZiUyMCUyOGluZGV4JTIwJTNEJTNEJTNEJTIwMCUyOSUyMCU3QiUwQSUyMCUyMCUyMCUyMCUyMCUyMCUyMCUyMCUyMCUyMGxvZyUyOCUyMkhpYmElMjBhJTIwZiVDNSU5MSUyMGslQzMlQjZ6dmV0JUMzJUFEdCVDMyVBOXNuJUMzJUE5bCUyQyUyMCVDMyVBMXR2JUMzJUExbHQlQzMlQTFzJTIwdGFydGFsJUMzJUE5ayUyMHN0cmVhbXJlLi4uJTIyJTI5JTNCJTBBJTIwJTIwJTIwJTIwJTIwJTIwJTIwJTIwJTdEJTBBJTIwJTIwJTIwJTIwJTIwJTIwJTIwJTIwdHJ5U291cmNlJTI4aW5kZXglMjAlMkIlMjAxJTJDJTIwZmFsc2UlMjklM0IlMEElMjAlMjAlMjAlMjAlMjAlMjAlN0QlMjklM0IlMEElMjAlMjAlMjAlMjAlN0QlMEElMjAlMjAlN0QlMEElMEElMjAlMjAlMkYlMkYlMjBJbmQlQzMlQUR0JUMzJUExcyUwQSUyMCUyMGxvZyUyOCUyMkthcGNzb2wlQzMlQjNkJUMzJUExcyUyMGElMjBrJUMzJUI2enZldCVDMyVBRHQlQzMlQTlzaGV6Li4uJTIyJTI5JTNCJTBBJTBBJTIwJTIwaWYlMjAlMjh3aW5kb3cuSGxzJTIwJTI2JTI2JTIwSGxzLmlzU3VwcG9ydGVkJTI4JTI5JTI5JTIwJTdCJTBBJTIwJTIwJTIwJTIwdHJ5U291cmNlJTI4MCUyQyUyMGZhbHNlJTI5JTNCJTBBJTIwJTIwJTdEJTIwZWxzZSUyMGlmJTIwJTI4dmlkZW8lMjAlMjYlMjYlMjB2aWRlby5jYW5QbGF5VHlwZSUyOCUyMmFwcGxpY2F0aW9uJTJGdm5kLmFwcGxlLm1wZWd1cmwlMjIlMjklMjklMjAlN0IlMEElMjAlMjAlMjAlMjB0cnlTb3VyY2UlMjgwJTJDJTIwdHJ1ZSUyOSUzQiUwQSUyMCUyMCU3RCUyMGVsc2UlMjAlN0IlMEElMjAlMjAlMjAlMjBsb2clMjglMjJBJTIwYiVDMyVCNm5nJUMzJUE5c3olQzUlOTElMjBuZW0lMjB0JUMzJUExbW9nYXRqYSUyMGElMjBITFMlMjBsZWolQzMlQTF0c3olQzMlQTFzdC4lMjIlMjklM0IlMEElMjAlMjAlN0QlMEElN0QlMjklMjglMjklM0IlMEElM0MlMkZzY3JpcHQlM0UlMEE=[\/vc_raw_html][\/vc_column][\/vc_row][vc_row][vc_column][vc_column_text] T\u00c1MOGAT\u00c1S Az al\u00e1bbi sz\u00e1ml\u00e1ra utal\u00e1ssal tudja t\u00e1mogatni a mise.hu-t! K\u00e9rj\u00fck, a k\u00f6zlem\u00e9nybe \u00edrja be, hogy mise.hu K\u00f6sz\u00f6nj\u00fck t\u00e1mogat\u00e1s\u00e1t! Pestszenterzs\u00e9beti J\u00e9zus Sz\u00edve Pl\u00e9b\u00e1nia Belf\u00f6ldi sz\u00e1mlasz\u00e1m: 10702277 73760580 51100005 IBAN sz\u00e1mlasz\u00e1m: HU37 10702277 73760580 [&hellip;]<\/p>\n","protected":false},"author":1,"featured_media":0,"parent":0,"menu_order":0,"comment_status":"closed","ping_status":"closed","template":"","meta":{"footnotes":""},"class_list":["post-1760","page","type-page","status-publish","hentry"],"_links":{"self":[{"href":"https:\/\/mise.hu\/index.php?rest_route=\/wp\/v2\/pages\/1760","targetHints":{"allow":["GET"]}}],"collection":[{"href":"https:\/\/mise.hu\/index.php?rest_route=\/wp\/v2\/pages"}],"about":[{"href":"https:\/\/mise.hu\/index.php?rest_route=\/wp\/v2\/types\/page"}],"author":[{"embeddable":true,"href":"https:\/\/mise.hu\/index.php?rest_route=\/wp\/v2\/users\/1"}],"replies":[{"embeddable":true,"href":"https:\/\/mise.hu\/index.php?rest_route=%2Fwp%2Fv2%2Fcomments&post=1760"}],"version-history":[{"count":16,"href":"https:\/\/mise.hu\/index.php?rest_route=\/wp\/v2\/pages\/1760\/revisions"}],"predecessor-version":[{"id":1785,"href":"https:\/\/mise.hu\/index.php?rest_route=\/wp\/v2\/pages\/1760\/revisions\/1785"}],"wp:attachment":[{"href":"https:\/\/mise.hu\/index.php?rest_route=%2Fwp%2Fv2%2Fmedia&parent=1760"}],"curies":[{"name":"wp","href":"https:\/\/api.w.org\/{rel}","templated":true}]}}