{"id":1795,"date":"2025-11-29T19:16:56","date_gmt":"2025-11-29T17:16:56","guid":{"rendered":"https:\/\/mise.hu\/?page_id=1795"},"modified":"2025-12-13T22:21:03","modified_gmt":"2025-12-13T20:21:03","slug":"uzenet-attilanak","status":"publish","type":"page","link":"https:\/\/mise.hu\/?page_id=1795","title":{"rendered":"\u00dczenet Attil\u00e1nak"},"content":{"rendered":"<div class=\"wpb-content-wrapper\"><p>[vc_row][vc_column][vc_column_text css=&#8221;&#8221;]Itt van lehet\u0151s\u00e9g arra, hogy Attil\u00e1nak \u00fczenetet k\u00fcldj\u00f6n, de ez egyir\u00e1ny\u00fa!<br \/>\nAttila az \u00fczeneteket olvassa, v\u00e1laszolni nem tud r\u00e1juk!<\/p>\n<p>Takintse ezt egy virtu\u00e1lis levelez\u0151lapnak, ahol gondolatokat, k\u00edv\u00e1ns\u00e1gokat tud megosztani Vele!<\/p>\n<p><strong data-start=\"658\" data-end=\"716\">K\u00e9rj\u00fck, hogy felel\u0151ss\u00e9ggel haszn\u00e1lja ezt a lehet\u0151s\u00e9get!<\/strong><br data-start=\"716\" data-end=\"719\" \/>Saj\u00e1t nev\u00e9ben, saj\u00e1t gondolatait \u00edrja le.<br data-start=\"762\" data-end=\"765\" \/>Attila most kezel\u00e9sek el\u0151tt \u00e1ll, ez\u00e9rt <em data-start=\"806\" data-end=\"827\">kifejezetten k\u00e9rj\u00fck<\/em>, hogy ne k\u00fcldjenek neki cikkeket a \u201er\u00e1k lelki okair\u00f3l\u201d vagy b\u0171ntudatkelt\u0151 magyar\u00e1zatokat.[\/vc_column_text]\n<div class=\"wpcf7 no-js\" id=\"wpcf7-f1794-o1\" lang=\"hu-HU\" dir=\"ltr\" data-wpcf7-id=\"1794\">\n<div class=\"screen-reader-response\"><p role=\"status\" aria-live=\"polite\" aria-atomic=\"true\"><\/p> <ul><\/ul><\/div>\n<form action=\"\/index.php?rest_route=%2Fwp%2Fv2%2Fpages%2F1795#wpcf7-f1794-o1\" method=\"post\" class=\"wpcf7-form init\" aria-label=\"Kapcsolatfelv\u00e9teli \u0171rlap\" novalidate=\"novalidate\" data-status=\"init\">\n<fieldset class=\"hidden-fields-container\"><input type=\"hidden\" name=\"_wpcf7\" value=\"1794\" \/><input type=\"hidden\" name=\"_wpcf7_version\" value=\"6.1.5\" \/><input type=\"hidden\" name=\"_wpcf7_locale\" value=\"hu_HU\" \/><input type=\"hidden\" name=\"_wpcf7_unit_tag\" value=\"wpcf7-f1794-o1\" \/><input type=\"hidden\" name=\"_wpcf7_container_post\" value=\"0\" \/><input type=\"hidden\" name=\"_wpcf7_posted_data_hash\" value=\"\" \/>\n<\/fieldset>\n<div class=\"wpcf7-turnstile cf-turnstile\" data-sitekey=\"0x4AAAAAACDrb0YassWghEat\" data-response-field-name=\"_wpcf7_turnstile_response\"><\/div>\n\n<p><label> Az \u00d6n neve<br \/>\n<span class=\"wpcf7-form-control-wrap\" data-name=\"your-name\"><input size=\"40\" maxlength=\"400\" class=\"wpcf7-form-control wpcf7-text wpcf7-validates-as-required\" autocomplete=\"name\" aria-required=\"true\" aria-invalid=\"false\" value=\"\" type=\"text\" name=\"your-name\" \/><\/span> <\/label>\n<\/p>\n<p><label> \u00dczenet (Attila nem tud r\u00e1 v\u00e1laszolni, de olvassa!)<br \/>\n<span class=\"wpcf7-form-control-wrap\" data-name=\"your-message\"><textarea cols=\"40\" rows=\"10\" maxlength=\"2000\" class=\"wpcf7-form-control wpcf7-textarea\" aria-invalid=\"false\" name=\"your-message\"><\/textarea><\/span> <\/label>\n<\/p>\n<p><input class=\"wpcf7-form-control wpcf7-submit has-spinner\" type=\"submit\" value=\"Elk\u00fcld\u00f6m\" \/>\n<\/p><input type='hidden' class='wpcf7-pum' value='{\"closepopup\":false,\"closedelay\":0,\"openpopup\":false,\"openpopup_id\":0}' \/><div class=\"wpcf7-response-output\" aria-hidden=\"true\"><\/div>\n<\/form>\n<\/div>\n[\/vc_column][\/vc_row]<\/p>\n<\/div>","protected":false},"excerpt":{"rendered":"<p>[vc_row][vc_column][vc_column_text css=&#8221;&#8221;]Itt van lehet\u0151s\u00e9g arra, hogy Attil\u00e1nak \u00fczenetet k\u00fcldj\u00f6n, de ez egyir\u00e1ny\u00fa! Attila az \u00fczeneteket olvassa, v\u00e1laszolni nem tud r\u00e1juk! Takintse ezt egy virtu\u00e1lis levelez\u0151lapnak, ahol gondolatokat, k\u00edv\u00e1ns\u00e1gokat tud megosztani Vele! K\u00e9rj\u00fck, hogy felel\u0151ss\u00e9ggel haszn\u00e1lja ezt a lehet\u0151s\u00e9get!Saj\u00e1t nev\u00e9ben, saj\u00e1t gondolatait \u00edrja le.Attila most kezel\u00e9sek el\u0151tt \u00e1ll, ez\u00e9rt kifejezetten k\u00e9rj\u00fck, hogy ne k\u00fcldjenek neki cikkeket [&hellip;]<\/p>\n","protected":false},"author":1,"featured_media":0,"parent":0,"menu_order":0,"comment_status":"closed","ping_status":"closed","template":"","meta":{"footnotes":""},"class_list":["post-1795","page","type-page","status-publish","hentry"],"_links":{"self":[{"href":"https:\/\/mise.hu\/index.php?rest_route=\/wp\/v2\/pages\/1795","targetHints":{"allow":["GET"]}}],"collection":[{"href":"https:\/\/mise.hu\/index.php?rest_route=\/wp\/v2\/pages"}],"about":[{"href":"https:\/\/mise.hu\/index.php?rest_route=\/wp\/v2\/types\/page"}],"author":[{"embeddable":true,"href":"https:\/\/mise.hu\/index.php?rest_route=\/wp\/v2\/users\/1"}],"replies":[{"embeddable":true,"href":"https:\/\/mise.hu\/index.php?rest_route=%2Fwp%2Fv2%2Fcomments&post=1795"}],"version-history":[{"count":5,"href":"https:\/\/mise.hu\/index.php?rest_route=\/wp\/v2\/pages\/1795\/revisions"}],"predecessor-version":[{"id":1955,"href":"https:\/\/mise.hu\/index.php?rest_route=\/wp\/v2\/pages\/1795\/revisions\/1955"}],"wp:attachment":[{"href":"https:\/\/mise.hu\/index.php?rest_route=%2Fwp%2Fv2%2Fmedia&parent=1795"}],"curies":[{"name":"wp","href":"https:\/\/api.w.org\/{rel}","templated":true}]}}